{"id":1130,"date":"2019-05-20T16:18:11","date_gmt":"2019-05-20T14:18:11","guid":{"rendered":"https:\/\/www.ottovintage.com\/shop\/hermes-carre-couvertures-et-tenues-de-jour-vintage\/"},"modified":"2019-12-01T11:36:39","modified_gmt":"2019-12-01T10:36:39","slug":"hermes-carre-couvertures-et-tenues-de-jour-vintage","status":"publish","type":"product","link":"https:\/\/www.ottovintage.com\/en\/shop\/hermes-carre-couvertures-et-tenues-de-jour-vintage\/","title":{"rendered":"Carr\u00e8 Couvertures et Tenues de Jour"},"content":{"rendered":"<p>Vintage\u00a0 <a href=\"https:\/\/www.ottovintage.com\/it\/categoria\/accessori\/\">Herm\u00e8s<\/a> Carr\u00e8 &#8220;Coivertures et Tenues de Jour&#8221; from the seventies.\u00a0 Silk 100%, 90 cm. Pristine conditions.<\/p>\n","protected":false},"excerpt":{"rendered":"<p>Vintage\u00a0 <a href=\"https:\/\/www.ottovintage.com\/it\/categoria\/accessori\/\">Herm\u00e8s<\/a> Carr\u00e8 &#8220;Coivertures et Tenues de Jour&#8221; from the seventies. Silk 100%, 90 cm. Pristine conditions.<\/p>\n","protected":false},"featured_media":1127,"template":"","meta":{"_acf_changed":false},"product_brand":[],"product_cat":[103,389],"product_tag":[390,391,392,393,302,312],"class_list":{"0":"post-1130","1":"product","2":"type-product","3":"status-publish","4":"has-post-thumbnail","6":"product_cat-accessories","7":"product_cat-hermes-accessori-en","8":"product_tag-carre-en","9":"product_tag-foulard-en","10":"product_tag-hermee-en","11":"product_tag-seta-en","12":"product_tag-usato-en","13":"product_tag-vintage-en-2","15":"first","16":"outofstock","17":"downloadable","18":"sold-individually","19":"shipping-taxable","20":"purchasable","21":"product-type-simple"},"acf":[],"yoast_head":"<!-- This site is optimized with the Yoast SEO plugin v27.1.1 - https:\/\/yoast.com\/product\/yoast-seo-wordpress\/ -->\n<title>Carr\u00e8 Couvertures et Tenues de Jour - Otto Vintage hermes-carr\u00e8-vintage<\/title>\n<meta name=\"description\" content=\"Carr\u00e8 Hermes originale vintage &quot;Coivertures rt Tenues de Jour&quot; degli anni settanta circa\" \/>\n<meta name=\"robots\" content=\"index, follow, max-snippet:-1, max-image-preview:large, max-video-preview:-1\" \/>\n<link rel=\"canonical\" href=\"https:\/\/www.ottovintage.com\/en\/shop\/hermes-carre-couvertures-et-tenues-de-jour-vintage\/\" \/>\n<meta property=\"og:locale\" content=\"en_US\" \/>\n<meta property=\"og:type\" content=\"article\" \/>\n<meta property=\"og:title\" content=\"Carr\u00e8 Couvertures et Tenues de Jour - Otto Vintage hermes-carr\u00e8-vintage\" \/>\n<meta property=\"og:description\" content=\"Carr\u00e8 Hermes originale vintage &quot;Coivertures rt Tenues de Jour&quot; degli anni settanta circa\" \/>\n<meta property=\"og:url\" content=\"https:\/\/www.ottovintage.com\/en\/shop\/hermes-carre-couvertures-et-tenues-de-jour-vintage\/\" \/>\n<meta property=\"og:site_name\" content=\"Otto Vintage\" \/>\n<meta property=\"article:modified_time\" content=\"2019-12-01T10:36:39+00:00\" \/>\n<meta property=\"og:image\" content=\"https:\/\/www.ottovintage.com\/wp-content\/uploads\/2019\/05\/Foto-20-05-19-12-18-27.jpg\" \/>\n\t<meta property=\"og:image:width\" content=\"3024\" \/>\n\t<meta property=\"og:image:height\" content=\"3024\" \/>\n\t<meta property=\"og:image:type\" content=\"image\/jpeg\" \/>\n<meta name=\"twitter:card\" content=\"summary_large_image\" \/>\n<script type=\"application\/ld+json\" class=\"yoast-schema-graph\">{\"@context\":\"https:\/\/schema.org\",\"@graph\":[{\"@type\":\"WebPage\",\"@id\":\"https:\/\/www.ottovintage.com\/en\/shop\/hermes-carre-couvertures-et-tenues-de-jour-vintage\/\",\"url\":\"https:\/\/www.ottovintage.com\/en\/shop\/hermes-carre-couvertures-et-tenues-de-jour-vintage\/\",\"name\":\"Carr\u00e8 Couvertures et Tenues de Jour - Otto Vintage hermes-carr\u00e8-vintage\",\"isPartOf\":{\"@id\":\"https:\/\/www.ottovintage.com\/en\/#website\"},\"primaryImageOfPage\":{\"@id\":\"https:\/\/www.ottovintage.com\/en\/shop\/hermes-carre-couvertures-et-tenues-de-jour-vintage\/#primaryimage\"},\"image\":{\"@id\":\"https:\/\/www.ottovintage.com\/en\/shop\/hermes-carre-couvertures-et-tenues-de-jour-vintage\/#primaryimage\"},\"thumbnailUrl\":\"https:\/\/www.ottovintage.com\/wp-content\/uploads\/2019\/05\/Foto-20-05-19-12-18-27.jpg\",\"datePublished\":\"2019-05-20T14:18:11+00:00\",\"dateModified\":\"2019-12-01T10:36:39+00:00\",\"description\":\"Carr\u00e8 Hermes originale vintage \\\"Coivertures rt Tenues de Jour\\\" degli anni settanta circa\",\"breadcrumb\":{\"@id\":\"https:\/\/www.ottovintage.com\/en\/shop\/hermes-carre-couvertures-et-tenues-de-jour-vintage\/#breadcrumb\"},\"inLanguage\":\"en-US\",\"potentialAction\":[{\"@type\":\"ReadAction\",\"target\":[\"https:\/\/www.ottovintage.com\/en\/shop\/hermes-carre-couvertures-et-tenues-de-jour-vintage\/\"]}]},{\"@type\":\"ImageObject\",\"inLanguage\":\"en-US\",\"@id\":\"https:\/\/www.ottovintage.com\/en\/shop\/hermes-carre-couvertures-et-tenues-de-jour-vintage\/#primaryimage\",\"url\":\"https:\/\/www.ottovintage.com\/wp-content\/uploads\/2019\/05\/Foto-20-05-19-12-18-27.jpg\",\"contentUrl\":\"https:\/\/www.ottovintage.com\/wp-content\/uploads\/2019\/05\/Foto-20-05-19-12-18-27.jpg\",\"width\":3024,\"height\":3024,\"caption\":\"herm\u00e8s-carr\u00e8-seta-vintage\"},{\"@type\":\"BreadcrumbList\",\"@id\":\"https:\/\/www.ottovintage.com\/en\/shop\/hermes-carre-couvertures-et-tenues-de-jour-vintage\/#breadcrumb\",\"itemListElement\":[{\"@type\":\"ListItem\",\"position\":1,\"name\":\"Home\",\"item\":\"https:\/\/www.ottovintage.com\/en\/\"},{\"@type\":\"ListItem\",\"position\":2,\"name\":\"Shop\",\"item\":\"https:\/\/www.ottovintage.com\/en\/shop\/\"},{\"@type\":\"ListItem\",\"position\":3,\"name\":\"Carr\u00e8 Couvertures et Tenues de Jour\"}]},{\"@type\":\"WebSite\",\"@id\":\"https:\/\/www.ottovintage.com\/en\/#website\",\"url\":\"https:\/\/www.ottovintage.com\/en\/\",\"name\":\"Otto Vintage\",\"description\":\"\",\"potentialAction\":[{\"@type\":\"SearchAction\",\"target\":{\"@type\":\"EntryPoint\",\"urlTemplate\":\"https:\/\/www.ottovintage.com\/en\/?s={search_term_string}\"},\"query-input\":{\"@type\":\"PropertyValueSpecification\",\"valueRequired\":true,\"valueName\":\"search_term_string\"}}],\"inLanguage\":\"en-US\"}]}<\/script>\n<!-- \/ Yoast SEO plugin. -->","yoast_head_json":{"title":"Carr\u00e8 Couvertures et Tenues de Jour - Otto Vintage hermes-carr\u00e8-vintage","description":"Carr\u00e8 Hermes originale vintage \"Coivertures rt Tenues de Jour\" degli anni settanta circa","robots":{"index":"index","follow":"follow","max-snippet":"max-snippet:-1","max-image-preview":"max-image-preview:large","max-video-preview":"max-video-preview:-1"},"canonical":"https:\/\/www.ottovintage.com\/en\/shop\/hermes-carre-couvertures-et-tenues-de-jour-vintage\/","og_locale":"en_US","og_type":"article","og_title":"Carr\u00e8 Couvertures et Tenues de Jour - Otto Vintage hermes-carr\u00e8-vintage","og_description":"Carr\u00e8 Hermes originale vintage \"Coivertures rt Tenues de Jour\" degli anni settanta circa","og_url":"https:\/\/www.ottovintage.com\/en\/shop\/hermes-carre-couvertures-et-tenues-de-jour-vintage\/","og_site_name":"Otto Vintage","article_modified_time":"2019-12-01T10:36:39+00:00","og_image":[{"width":3024,"height":3024,"url":"https:\/\/www.ottovintage.com\/wp-content\/uploads\/2019\/05\/Foto-20-05-19-12-18-27.jpg","type":"image\/jpeg"}],"twitter_card":"summary_large_image","schema":{"@context":"https:\/\/schema.org","@graph":[{"@type":"WebPage","@id":"https:\/\/www.ottovintage.com\/en\/shop\/hermes-carre-couvertures-et-tenues-de-jour-vintage\/","url":"https:\/\/www.ottovintage.com\/en\/shop\/hermes-carre-couvertures-et-tenues-de-jour-vintage\/","name":"Carr\u00e8 Couvertures et Tenues de Jour - Otto Vintage hermes-carr\u00e8-vintage","isPartOf":{"@id":"https:\/\/www.ottovintage.com\/en\/#website"},"primaryImageOfPage":{"@id":"https:\/\/www.ottovintage.com\/en\/shop\/hermes-carre-couvertures-et-tenues-de-jour-vintage\/#primaryimage"},"image":{"@id":"https:\/\/www.ottovintage.com\/en\/shop\/hermes-carre-couvertures-et-tenues-de-jour-vintage\/#primaryimage"},"thumbnailUrl":"https:\/\/www.ottovintage.com\/wp-content\/uploads\/2019\/05\/Foto-20-05-19-12-18-27.jpg","datePublished":"2019-05-20T14:18:11+00:00","dateModified":"2019-12-01T10:36:39+00:00","description":"Carr\u00e8 Hermes originale vintage \"Coivertures rt Tenues de Jour\" degli anni settanta circa","breadcrumb":{"@id":"https:\/\/www.ottovintage.com\/en\/shop\/hermes-carre-couvertures-et-tenues-de-jour-vintage\/#breadcrumb"},"inLanguage":"en-US","potentialAction":[{"@type":"ReadAction","target":["https:\/\/www.ottovintage.com\/en\/shop\/hermes-carre-couvertures-et-tenues-de-jour-vintage\/"]}]},{"@type":"ImageObject","inLanguage":"en-US","@id":"https:\/\/www.ottovintage.com\/en\/shop\/hermes-carre-couvertures-et-tenues-de-jour-vintage\/#primaryimage","url":"https:\/\/www.ottovintage.com\/wp-content\/uploads\/2019\/05\/Foto-20-05-19-12-18-27.jpg","contentUrl":"https:\/\/www.ottovintage.com\/wp-content\/uploads\/2019\/05\/Foto-20-05-19-12-18-27.jpg","width":3024,"height":3024,"caption":"herm\u00e8s-carr\u00e8-seta-vintage"},{"@type":"BreadcrumbList","@id":"https:\/\/www.ottovintage.com\/en\/shop\/hermes-carre-couvertures-et-tenues-de-jour-vintage\/#breadcrumb","itemListElement":[{"@type":"ListItem","position":1,"name":"Home","item":"https:\/\/www.ottovintage.com\/en\/"},{"@type":"ListItem","position":2,"name":"Shop","item":"https:\/\/www.ottovintage.com\/en\/shop\/"},{"@type":"ListItem","position":3,"name":"Carr\u00e8 Couvertures et Tenues de Jour"}]},{"@type":"WebSite","@id":"https:\/\/www.ottovintage.com\/en\/#website","url":"https:\/\/www.ottovintage.com\/en\/","name":"Otto Vintage","description":"","potentialAction":[{"@type":"SearchAction","target":{"@type":"EntryPoint","urlTemplate":"https:\/\/www.ottovintage.com\/en\/?s={search_term_string}"},"query-input":{"@type":"PropertyValueSpecification","valueRequired":true,"valueName":"search_term_string"}}],"inLanguage":"en-US"}]}},"_links":{"self":[{"href":"https:\/\/www.ottovintage.com\/en\/wp-json\/wp\/v2\/product\/1130","targetHints":{"allow":["GET"]}}],"collection":[{"href":"https:\/\/www.ottovintage.com\/en\/wp-json\/wp\/v2\/product"}],"about":[{"href":"https:\/\/www.ottovintage.com\/en\/wp-json\/wp\/v2\/types\/product"}],"wp:featuredmedia":[{"embeddable":true,"href":"https:\/\/www.ottovintage.com\/en\/wp-json\/wp\/v2\/media\/1127"}],"wp:attachment":[{"href":"https:\/\/www.ottovintage.com\/en\/wp-json\/wp\/v2\/media?parent=1130"}],"wp:term":[{"taxonomy":"product_brand","embeddable":true,"href":"https:\/\/www.ottovintage.com\/en\/wp-json\/wp\/v2\/product_brand?post=1130"},{"taxonomy":"product_cat","embeddable":true,"href":"https:\/\/www.ottovintage.com\/en\/wp-json\/wp\/v2\/product_cat?post=1130"},{"taxonomy":"product_tag","embeddable":true,"href":"https:\/\/www.ottovintage.com\/en\/wp-json\/wp\/v2\/product_tag?post=1130"}],"curies":[{"name":"wp","href":"https:\/\/api.w.org\/{rel}","templated":true}]}}